{"id":193,"date":"2017-07-10T07:48:30","date_gmt":"2017-07-10T07:48:30","guid":{"rendered":"http:\/\/dezder.jgora.pl\/?page_id=193"},"modified":"2017-07-10T07:48:30","modified_gmt":"2017-07-10T07:48:30","slug":"uczestniczylam","status":"publish","type":"page","link":"https:\/\/dezder.jgora.pl\/?page_id=193","title":{"rendered":"uczestniczy\u0142am"},"content":{"rendered":"<p>Uczestniczy\u0142am w szkoleniach na temat aktualnych zagadnie\u0144 epidemiologicznych oraz sterylizacji medycznej, dezynfekcji, dezynsekcji, deratyzacji (sddd)<\/p>\n<p>Aktualne zagadnienia epidemiologiczne oraz ddd i sterylizacji<br \/>\nStudium Sanitarno-Higieniczne Pa\u0144stwowego Zak\u0142adu Higieny w Warszawie Instytut Naukowo-Badawczy<\/p>\n<p>Uczestniczy\u0142am w szkoleniach z zakresu ochrony ludno\u015bci, obrony cywilnej i zarz\u0105dzania kryzysowego oraz prowadzenia dzia\u0142a\u0144 ratowniczych w aktach terroru :<\/p>\n<p>1. Prowadzenie dzia\u0142a\u0144 ratowniczych w aktach terroru<br \/>\nZdrowie i Zarz\u0105dzanie Warszawa<\/p>\n<p>2. Szkolenie internetowe dla administracji publicznej szczebla samorz\u0105dowego z zakresu ochrony ludno\u015bci, obrony cywilnej i zarz\u0105dzania kryzysowego<br \/>\nKomenda G\u0142\u00f3wna Pa\u0144stwowej Stra\u017cy Po\u017carnej<\/p>\n<p>3. Szkolenie internetowe dla administracji publicznej z zakresu obrony cywilnej, ochrony ludno\u015bci i zarz\u0105dzania kryzysowego<br \/>\nKomenda G\u0142\u00f3wna Pa\u0144stwowej Stra\u017cy Po\u017carnej<\/p>\n<div class=\"pvc_clear\"><\/div>\n<p id=\"pvc_stats_193\" class=\"pvc_stats all  \" data-element-id=\"193\" style=\"\"><i class=\"pvc-stats-icon small\" aria-hidden=\"true\"><svg aria-hidden=\"true\" focusable=\"false\" data-prefix=\"far\" data-icon=\"chart-bar\" role=\"img\" xmlns=\"http:\/\/www.w3.org\/2000\/svg\" viewBox=\"0 0 512 512\" class=\"svg-inline--fa fa-chart-bar fa-w-16 fa-2x\"><path fill=\"currentColor\" d=\"M396.8 352h22.4c6.4 0 12.8-6.4 12.8-12.8V108.8c0-6.4-6.4-12.8-12.8-12.8h-22.4c-6.4 0-12.8 6.4-12.8 12.8v230.4c0 6.4 6.4 12.8 12.8 12.8zm-192 0h22.4c6.4 0 12.8-6.4 12.8-12.8V140.8c0-6.4-6.4-12.8-12.8-12.8h-22.4c-6.4 0-12.8 6.4-12.8 12.8v198.4c0 6.4 6.4 12.8 12.8 12.8zm96 0h22.4c6.4 0 12.8-6.4 12.8-12.8V204.8c0-6.4-6.4-12.8-12.8-12.8h-22.4c-6.4 0-12.8 6.4-12.8 12.8v134.4c0 6.4 6.4 12.8 12.8 12.8zM496 400H48V80c0-8.84-7.16-16-16-16H16C7.16 64 0 71.16 0 80v336c0 17.67 14.33 32 32 32h464c8.84 0 16-7.16 16-16v-16c0-8.84-7.16-16-16-16zm-387.2-48h22.4c6.4 0 12.8-6.4 12.8-12.8v-70.4c0-6.4-6.4-12.8-12.8-12.8h-22.4c-6.4 0-12.8 6.4-12.8 12.8v70.4c0 6.4 6.4 12.8 12.8 12.8z\" class=\"\"><\/path><\/svg><\/i> <img loading=\"lazy\" decoding=\"async\" width=\"16\" height=\"16\" alt=\"Loading\" src=\"https:\/\/dezder.jgora.pl\/wp-content\/plugins\/page-views-count\/ajax-loader-2x.gif\" border=0 \/><\/p>\n<div class=\"pvc_clear\"><\/div>\n","protected":false},"excerpt":{"rendered":"<p>Uczestniczy\u0142am w szkoleniach na temat aktualnych zagadnie\u0144 epidemiologicznych oraz sterylizacji medycznej, dezynfekcji, dezynsekcji, deratyzacji (sddd) Aktualne zagadnienia epidemiologiczne oraz ddd i sterylizacji Studium Sanitarno-Higieniczne Pa\u0144stwowego Zak\u0142adu Higieny w Warszawie Instytut Naukowo-Badawczy Uczestniczy\u0142am w szkoleniach z zakresu ochrony ludno\u015bci, obrony cywilnej i zarz\u0105dzania kryzysowego oraz prowadzenia dzia\u0142a\u0144 ratowniczych w aktach terroru : 1. Prowadzenie dzia\u0142a\u0144 ratowniczych &hellip; <\/p>\n<p class=\"link-more\"><a href=\"https:\/\/dezder.jgora.pl\/?page_id=193\" class=\"more-link\">Czytaj dalej<span class=\"screen-reader-text\"> \u201euczestniczy\u0142am\u201d<\/span><\/a><\/p>\n<div class=\"pvc_clear\"><\/div>\n<p id=\"pvc_stats_193\" class=\"pvc_stats all  \" data-element-id=\"193\" style=\"\"><i class=\"pvc-stats-icon small\" aria-hidden=\"true\"><svg aria-hidden=\"true\" focusable=\"false\" data-prefix=\"far\" data-icon=\"chart-bar\" role=\"img\" xmlns=\"http:\/\/www.w3.org\/2000\/svg\" viewBox=\"0 0 512 512\" class=\"svg-inline--fa fa-chart-bar fa-w-16 fa-2x\"><path fill=\"currentColor\" d=\"M396.8 352h22.4c6.4 0 12.8-6.4 12.8-12.8V108.8c0-6.4-6.4-12.8-12.8-12.8h-22.4c-6.4 0-12.8 6.4-12.8 12.8v230.4c0 6.4 6.4 12.8 12.8 12.8zm-192 0h22.4c6.4 0 12.8-6.4 12.8-12.8V140.8c0-6.4-6.4-12.8-12.8-12.8h-22.4c-6.4 0-12.8 6.4-12.8 12.8v198.4c0 6.4 6.4 12.8 12.8 12.8zm96 0h22.4c6.4 0 12.8-6.4 12.8-12.8V204.8c0-6.4-6.4-12.8-12.8-12.8h-22.4c-6.4 0-12.8 6.4-12.8 12.8v134.4c0 6.4 6.4 12.8 12.8 12.8zM496 400H48V80c0-8.84-7.16-16-16-16H16C7.16 64 0 71.16 0 80v336c0 17.67 14.33 32 32 32h464c8.84 0 16-7.16 16-16v-16c0-8.84-7.16-16-16-16zm-387.2-48h22.4c6.4 0 12.8-6.4 12.8-12.8v-70.4c0-6.4-6.4-12.8-12.8-12.8h-22.4c-6.4 0-12.8 6.4-12.8 12.8v70.4c0 6.4 6.4 12.8 12.8 12.8z\" class=\"\"><\/path><\/svg><\/i> <img loading=\"lazy\" decoding=\"async\" width=\"16\" height=\"16\" alt=\"Loading\" src=\"https:\/\/dezder.jgora.pl\/wp-content\/plugins\/page-views-count\/ajax-loader-2x.gif\" border=0 \/><\/p>\n<div class=\"pvc_clear\"><\/div>\n","protected":false},"author":1,"featured_media":0,"parent":163,"menu_order":0,"comment_status":"closed","ping_status":"closed","template":"","meta":{"footnotes":""},"class_list":["post-193","page","type-page","status-publish","hentry"],"_links":{"self":[{"href":"https:\/\/dezder.jgora.pl\/index.php?rest_route=\/wp\/v2\/pages\/193","targetHints":{"allow":["GET"]}}],"collection":[{"href":"https:\/\/dezder.jgora.pl\/index.php?rest_route=\/wp\/v2\/pages"}],"about":[{"href":"https:\/\/dezder.jgora.pl\/index.php?rest_route=\/wp\/v2\/types\/page"}],"author":[{"embeddable":true,"href":"https:\/\/dezder.jgora.pl\/index.php?rest_route=\/wp\/v2\/users\/1"}],"replies":[{"embeddable":true,"href":"https:\/\/dezder.jgora.pl\/index.php?rest_route=%2Fwp%2Fv2%2Fcomments&post=193"}],"version-history":[{"count":1,"href":"https:\/\/dezder.jgora.pl\/index.php?rest_route=\/wp\/v2\/pages\/193\/revisions"}],"predecessor-version":[{"id":194,"href":"https:\/\/dezder.jgora.pl\/index.php?rest_route=\/wp\/v2\/pages\/193\/revisions\/194"}],"up":[{"embeddable":true,"href":"https:\/\/dezder.jgora.pl\/index.php?rest_route=\/wp\/v2\/pages\/163"}],"wp:attachment":[{"href":"https:\/\/dezder.jgora.pl\/index.php?rest_route=%2Fwp%2Fv2%2Fmedia&parent=193"}],"curies":[{"name":"wp","href":"https:\/\/api.w.org\/{rel}","templated":true}]}}